{"id":11,"date":"2025-02-22T11:56:26","date_gmt":"2025-02-22T11:56:26","guid":{"rendered":"https:\/\/programatrainees.pt\/cimpor\/?page_id=11"},"modified":"2026-04-09T10:33:52","modified_gmt":"2026-04-09T10:33:52","slug":"homepage","status":"publish","type":"page","link":"https:\/\/programatrainees.pt\/cimpor\/","title":{"rendered":""},"content":{"rendered":"","protected":false},"excerpt":{"rendered":"","protected":false},"author":1,"featured_media":0,"parent":0,"menu_order":0,"comment_status":"closed","ping_status":"closed","template":"","meta":{"_et_pb_use_builder":"on","_et_pb_old_content":"","_et_gb_content_width":"","footnotes":""},"class_list":["post-11","page","type-page","status-publish","hentry"],"yoast_head":"<!-- This site is optimized with the Yoast SEO plugin v27.3 - https:\/\/yoast.com\/product\/yoast-seo-wordpress\/ -->\n<title>CIMPOR NextGen<\/title>\n<meta name=\"description\" content=\"Junta-te \u00e0 CIMPOR, l\u00edder no setor cimenteiro em Portugal, e participa no Programa de Trainees NEXTGEN. Desenvolve a tua carreira nas \u00e1reas de Engenharia e Corporativas, com oportunidades nacionais e internacionais. Candidata-te agora e constr\u00f3i um futuro sustent\u00e1vel connosco.\" \/>\n<meta name=\"robots\" content=\"index, follow, max-snippet:-1, max-image-preview:large, max-video-preview:-1\" \/>\n<link rel=\"canonical\" href=\"https:\/\/programatrainees.pt\/cimpor\/\" \/>\n<meta property=\"og:locale\" content=\"pt_PT\" \/>\n<meta property=\"og:type\" content=\"article\" \/>\n<meta property=\"og:title\" content=\"CIMPOR NextGen\" \/>\n<meta property=\"og:description\" content=\"Junta-te \u00e0 CIMPOR, l\u00edder no setor cimenteiro em Portugal, e participa no Programa de Trainees NEXTGEN. Desenvolve a tua carreira nas \u00e1reas de Engenharia e Corporativas, com oportunidades nacionais e internacionais. Candidata-te agora e constr\u00f3i um futuro sustent\u00e1vel connosco.\" \/>\n<meta property=\"og:url\" content=\"https:\/\/programatrainees.pt\/cimpor\/\" \/>\n<meta property=\"og:site_name\" content=\"CIMPOR NextGen\" \/>\n<meta property=\"article:modified_time\" content=\"2026-04-09T10:33:52+00:00\" \/>\n<meta property=\"og:image\" content=\"https:\/\/programatrainees.pt\/cimpor\/wp-content\/uploads\/2026\/04\/Metatag-Cimpor.jpg\" \/>\n\t<meta property=\"og:image:width\" content=\"2500\" \/>\n\t<meta property=\"og:image:height\" content=\"1312\" \/>\n\t<meta property=\"og:image:type\" content=\"image\/jpeg\" \/>\n<meta name=\"twitter:card\" content=\"summary_large_image\" \/>\n<script type=\"application\/ld+json\" class=\"yoast-schema-graph\">{\"@context\":\"https:\\\/\\\/schema.org\",\"@graph\":[{\"@type\":\"WebPage\",\"@id\":\"https:\\\/\\\/programatrainees.pt\\\/cimpor\\\/\",\"url\":\"https:\\\/\\\/programatrainees.pt\\\/cimpor\\\/\",\"name\":\"CIMPOR NextGen\",\"isPartOf\":{\"@id\":\"https:\\\/\\\/programatrainees.pt\\\/cimpor\\\/#website\"},\"datePublished\":\"2025-02-22T11:56:26+00:00\",\"dateModified\":\"2026-04-09T10:33:52+00:00\",\"description\":\"Junta-te \u00e0 CIMPOR, l\u00edder no setor cimenteiro em Portugal, e participa no Programa de Trainees NEXTGEN. Desenvolve a tua carreira nas \u00e1reas de Engenharia e Corporativas, com oportunidades nacionais e internacionais. Candidata-te agora e constr\u00f3i um futuro sustent\u00e1vel connosco.\",\"inLanguage\":\"pt-PT\",\"potentialAction\":[{\"@type\":\"ReadAction\",\"target\":[\"https:\\\/\\\/programatrainees.pt\\\/cimpor\\\/\"]}]},{\"@type\":\"WebSite\",\"@id\":\"https:\\\/\\\/programatrainees.pt\\\/cimpor\\\/#website\",\"url\":\"https:\\\/\\\/programatrainees.pt\\\/cimpor\\\/\",\"name\":\"CIMPOR NextGen 2.0\",\"description\":\"Junta-te \u00e0 CIMPOR, l\u00edder no setor cimenteiro em Portugal, e participa no Programa de Trainees NEXTGEN. Desenvolve a tua carreira nas \u00e1reas de Engenharia e Corporativas, com oportunidades nacionais e internacionais. Candidata-te agora e constr\u00f3i um futuro sustent\u00e1vel connosco.\",\"publisher\":{\"@id\":\"https:\\\/\\\/programatrainees.pt\\\/cimpor\\\/#organization\"},\"potentialAction\":[{\"@type\":\"SearchAction\",\"target\":{\"@type\":\"EntryPoint\",\"urlTemplate\":\"https:\\\/\\\/programatrainees.pt\\\/cimpor\\\/?s={search_term_string}\"},\"query-input\":{\"@type\":\"PropertyValueSpecification\",\"valueRequired\":true,\"valueName\":\"search_term_string\"}}],\"inLanguage\":\"pt-PT\"},{\"@type\":\"Organization\",\"@id\":\"https:\\\/\\\/programatrainees.pt\\\/cimpor\\\/#organization\",\"name\":\"Cimpor\",\"url\":\"https:\\\/\\\/programatrainees.pt\\\/cimpor\\\/\",\"logo\":{\"@type\":\"ImageObject\",\"inLanguage\":\"pt-PT\",\"@id\":\"https:\\\/\\\/programatrainees.pt\\\/cimpor\\\/#\\\/schema\\\/logo\\\/image\\\/\",\"url\":\"https:\\\/\\\/programatrainees.pt\\\/cimpor\\\/wp-content\\\/uploads\\\/2025\\\/02\\\/Logo-Cimpor.png\",\"contentUrl\":\"https:\\\/\\\/programatrainees.pt\\\/cimpor\\\/wp-content\\\/uploads\\\/2025\\\/02\\\/Logo-Cimpor.png\",\"width\":188,\"height\":164,\"caption\":\"Cimpor\"},\"image\":{\"@id\":\"https:\\\/\\\/programatrainees.pt\\\/cimpor\\\/#\\\/schema\\\/logo\\\/image\\\/\"}}]}<\/script>\n<!-- \/ Yoast SEO plugin. -->","yoast_head_json":{"title":"CIMPOR NextGen","description":"Junta-te \u00e0 CIMPOR, l\u00edder no setor cimenteiro em Portugal, e participa no Programa de Trainees NEXTGEN. Desenvolve a tua carreira nas \u00e1reas de Engenharia e Corporativas, com oportunidades nacionais e internacionais. Candidata-te agora e constr\u00f3i um futuro sustent\u00e1vel connosco.","robots":{"index":"index","follow":"follow","max-snippet":"max-snippet:-1","max-image-preview":"max-image-preview:large","max-video-preview":"max-video-preview:-1"},"canonical":"https:\/\/programatrainees.pt\/cimpor\/","og_locale":"pt_PT","og_type":"article","og_title":"CIMPOR NextGen","og_description":"Junta-te \u00e0 CIMPOR, l\u00edder no setor cimenteiro em Portugal, e participa no Programa de Trainees NEXTGEN. Desenvolve a tua carreira nas \u00e1reas de Engenharia e Corporativas, com oportunidades nacionais e internacionais. Candidata-te agora e constr\u00f3i um futuro sustent\u00e1vel connosco.","og_url":"https:\/\/programatrainees.pt\/cimpor\/","og_site_name":"CIMPOR NextGen","article_modified_time":"2026-04-09T10:33:52+00:00","og_image":[{"width":2500,"height":1312,"url":"https:\/\/programatrainees.pt\/cimpor\/wp-content\/uploads\/2026\/04\/Metatag-Cimpor.jpg","type":"image\/jpeg"}],"twitter_card":"summary_large_image","schema":{"@context":"https:\/\/schema.org","@graph":[{"@type":"WebPage","@id":"https:\/\/programatrainees.pt\/cimpor\/","url":"https:\/\/programatrainees.pt\/cimpor\/","name":"CIMPOR NextGen","isPartOf":{"@id":"https:\/\/programatrainees.pt\/cimpor\/#website"},"datePublished":"2025-02-22T11:56:26+00:00","dateModified":"2026-04-09T10:33:52+00:00","description":"Junta-te \u00e0 CIMPOR, l\u00edder no setor cimenteiro em Portugal, e participa no Programa de Trainees NEXTGEN. Desenvolve a tua carreira nas \u00e1reas de Engenharia e Corporativas, com oportunidades nacionais e internacionais. Candidata-te agora e constr\u00f3i um futuro sustent\u00e1vel connosco.","inLanguage":"pt-PT","potentialAction":[{"@type":"ReadAction","target":["https:\/\/programatrainees.pt\/cimpor\/"]}]},{"@type":"WebSite","@id":"https:\/\/programatrainees.pt\/cimpor\/#website","url":"https:\/\/programatrainees.pt\/cimpor\/","name":"CIMPOR NextGen 2.0","description":"Junta-te \u00e0 CIMPOR, l\u00edder no setor cimenteiro em Portugal, e participa no Programa de Trainees NEXTGEN. Desenvolve a tua carreira nas \u00e1reas de Engenharia e Corporativas, com oportunidades nacionais e internacionais. Candidata-te agora e constr\u00f3i um futuro sustent\u00e1vel connosco.","publisher":{"@id":"https:\/\/programatrainees.pt\/cimpor\/#organization"},"potentialAction":[{"@type":"SearchAction","target":{"@type":"EntryPoint","urlTemplate":"https:\/\/programatrainees.pt\/cimpor\/?s={search_term_string}"},"query-input":{"@type":"PropertyValueSpecification","valueRequired":true,"valueName":"search_term_string"}}],"inLanguage":"pt-PT"},{"@type":"Organization","@id":"https:\/\/programatrainees.pt\/cimpor\/#organization","name":"Cimpor","url":"https:\/\/programatrainees.pt\/cimpor\/","logo":{"@type":"ImageObject","inLanguage":"pt-PT","@id":"https:\/\/programatrainees.pt\/cimpor\/#\/schema\/logo\/image\/","url":"https:\/\/programatrainees.pt\/cimpor\/wp-content\/uploads\/2025\/02\/Logo-Cimpor.png","contentUrl":"https:\/\/programatrainees.pt\/cimpor\/wp-content\/uploads\/2025\/02\/Logo-Cimpor.png","width":188,"height":164,"caption":"Cimpor"},"image":{"@id":"https:\/\/programatrainees.pt\/cimpor\/#\/schema\/logo\/image\/"}}]}},"_links":{"self":[{"href":"https:\/\/programatrainees.pt\/cimpor\/index.php\/wp-json\/wp\/v2\/pages\/11","targetHints":{"allow":["GET"]}}],"collection":[{"href":"https:\/\/programatrainees.pt\/cimpor\/index.php\/wp-json\/wp\/v2\/pages"}],"about":[{"href":"https:\/\/programatrainees.pt\/cimpor\/index.php\/wp-json\/wp\/v2\/types\/page"}],"author":[{"embeddable":true,"href":"https:\/\/programatrainees.pt\/cimpor\/index.php\/wp-json\/wp\/v2\/users\/1"}],"replies":[{"embeddable":true,"href":"https:\/\/programatrainees.pt\/cimpor\/index.php\/wp-json\/wp\/v2\/comments?post=11"}],"version-history":[{"count":4,"href":"https:\/\/programatrainees.pt\/cimpor\/index.php\/wp-json\/wp\/v2\/pages\/11\/revisions"}],"predecessor-version":[{"id":651,"href":"https:\/\/programatrainees.pt\/cimpor\/index.php\/wp-json\/wp\/v2\/pages\/11\/revisions\/651"}],"wp:attachment":[{"href":"https:\/\/programatrainees.pt\/cimpor\/index.php\/wp-json\/wp\/v2\/media?parent=11"}],"curies":[{"name":"wp","href":"https:\/\/api.w.org\/{rel}","templated":true}]}}